{"id":10,"date":"2024-03-08T09:40:35","date_gmt":"2024-03-08T08:40:35","guid":{"rendered":"https:\/\/redinterlavapies.com\/?page_id=10"},"modified":"2024-03-09T10:01:04","modified_gmt":"2024-03-09T09:01:04","slug":"convocatorias","status":"publish","type":"page","link":"https:\/\/redinterlavapies.com\/?page_id=10","title":{"rendered":"Convocatorias"},"content":{"rendered":"\n<p class=\"has-text-align-center has-black-color has-text-color has-link-color has-x-large-font-size wp-elements-a2f10c170ceb1b04cc9af1a3fd66f488\"><strong>Informe Vulneraciones de Derechos Humanos en la frontera Sur \u2013 Melilla<\/strong><\/p>\n\n\n\n<p class=\"has-black-color has-text-color has-link-color wp-elements-5390d476a212f0d76e6a694b245d0f71\">Estimados\/as compa\u00f1eros\/as:<\/p>\n\n\n\n<p class=\"has-black-color has-text-color has-link-color wp-elements-2eadce55b31012f06d667d467786ac67\">Os invitamos a la presentaci\u00f3n de este informe elaborado por la Comisi\u00f3n de Observaci\u00f3n de Derechos Humanos (CODH), y que se presentar\u00e1 el pr\u00f3ximo<strong>&nbsp;jueves 9 de octubre&nbsp;<\/strong>a las<strong>&nbsp;11,00 horas<\/strong>&nbsp;en el&nbsp;<strong>Sal\u00f3n de actos&nbsp;<\/strong>del<strong>&nbsp;IlustreColegio de Abogados de Madrid<\/strong>, calle Serrano, 9; 1\u00aa Planta.<\/p>\n\n\n\n<p class=\"has-black-color has-text-color has-link-color wp-elements-be69714153bb0dc971c56d85732d68f3\">Un cordial saludo.<\/p>\n\n\n\n<p class=\"has-text-align-center has-black-color has-text-color has-link-color wp-elements-8e47939b79f13f3b560e1912862fc254\">__________________________________________<\/p>\n\n\n\n<p class=\"has-text-align-center has-black-color has-text-color has-link-color has-large-font-size wp-elements-bb0059032ce9b211ea87adb03a7ad074\"><strong>TOMAR LA PALABRA PARA ESCRIBIR LA HISTORIA&nbsp;<\/strong><\/p>\n\n\n\n<p class=\"has-black-color has-text-color has-link-color wp-elements-251a003d2332912803d27ca5cbafe96e\">La red Interlavapi\u00e9s nos invita a un encuentro con personas con discapacidad intelectual. Quieren compartir sus experiencias en la construcci\u00f3n de una realidad sin exclusi\u00f3n y juntar sus intuiciones con las de las personas que nos acerquemos a este encuentro.<\/p>\n\n\n\n<p class=\"has-black-color has-text-color has-link-color wp-elements-268f47d1b4d478765c07da6302ae2ad3\"><a href=\"https:\/\/www.blogger.com\/blogger.g?blogID=4577135217437485184\"><\/a><a href=\"https:\/\/www.blogger.com\/blogger.g?blogID=4577135217437485184\"><\/a><\/p>\n\n\n\n<p class=\"has-black-color has-text-color has-link-color wp-elements-1ca00313401e9f29b679580dffe97d30\">&nbsp;Cu\u00e1ndo: el mi\u00e9rcoles 16 de julio a las 18,30 horas<\/p>\n\n\n\n<p class=\"has-black-color has-text-color has-link-color wp-elements-462464dcbafe8d39286853586a34ef32\">D\u00f3nde: en Calle Tres Peces 3. (Metro Lavapi\u00e9s o Ant\u00f3n Mart\u00edn)<\/p>\n\n\n\n<p class=\"has-black-color has-text-color has-link-color wp-elements-ea15e6c1f9a7362d8b5855ebe6736aa5\">Por favor, si vienes conf\u00edrmanoslo por correo.<\/p>\n\n\n\n<p class=\"has-text-align-center has-black-color has-text-color has-link-color wp-elements-09f410f1df233074c1c9383ae88a353e\">\u00a0__________________________________________<\/p>\n\n\n\n<p class=\"has-text-align-center has-black-color has-text-color has-link-color wp-elements-1f3e283f91dc54590f217b9dfee42001\"><strong>Vigilia por Jeanneth<\/strong><\/p>\n\n\n\n<p class=\"has-black-color has-text-color has-link-color wp-elements-af7c1b8ce31453b982052a17fc1ab4db\">Convoca:&nbsp;Yo S\u00ed Sanidad Universal<br>Lugar:&nbsp;Frente al Ministerio de Sanidad<br>Direcci\u00f3n:&nbsp;Paseo del Prado, 18-20 &#8211; Madrid<br>Metro:&nbsp;Atocha \/ Ant\u00f3n Mart\u00edn<\/p>\n\n\n\n<p class=\"has-text-align-center has-black-color has-text-color has-link-color wp-elements-f6d23f0ea635b1c59c4474e15e5400ba\"><a href=\"http:\/\/yosisanidaduniversal.net\/media\/blogs\/materiales\/Por_que_esta_muerta_Jeanneth.pdf?mtime=1404692360\"><strong>\u00bfPor qu\u00e9 est\u00e1 muerta Jeanneth?<\/strong><\/a><strong><\/strong><\/p>\n\n\n\n<p class=\"has-black-color has-text-color has-link-color wp-elements-4c0d6b941413c18af33e307a82c1f8e4\"><strong>Jeanneth Beltr\u00e1n es una nueva v\u00edctima del Real Decreto de exclusi\u00f3n sanitaria. Hoy ha sido ella, y ma\u00f1ana, tal vez, cualquiera de nosotras. El cambio de modelo sanitario que supone el Real Decreto de la Exclusi\u00f3n pone en riesgo la salud de toda la sociedad, y en juego la vida de las personas.<\/strong><\/p>\n\n\n\n<p class=\"has-black-color has-text-color has-link-color wp-elements-54139f906eb4941a9f481e38fefce938\"><strong>Porque no queremos que la rabia y el dolor se conviertan en resignaci\u00f3n, convocamos a una&nbsp;vigilia reivindicativa&nbsp;que se realizar\u00e1 el&nbsp;Jueves 10 de Julio desde las 21h frente al Ministerio de Sanidad.<\/strong><\/p>\n\n\n\n<p class=\"has-black-color has-text-color has-link-color wp-elements-8a0eabb9bd2a6f0567586e415c58e003\"><strong><br>Si tienes, tr\u00e1ete una vela, ropa negra y una careta blanca que expresa que Janet puede ser cualquiera, que tod@s somos Jeanneth.<\/strong><\/p>\n\n\n\n<p class=\"has-black-color has-text-color has-link-color wp-elements-a1d231ed1afb723f6f183a58a587e0ba\"><strong><br>Difunde, reenv\u00eda y comparte para hacer p\u00fablica esta historia que es de tod@s.<\/strong><\/p>\n\n\n\n<p class=\"has-black-color has-text-color has-link-color wp-elements-bec4d2a456ffe9cf4b0b57d9934174b1\"><strong>Ning\u00fan grado de exclusi\u00f3n sanitaria es soportable.&nbsp;&nbsp;&nbsp;La exclusi\u00f3n sanitaria mata.#&nbsp;<\/strong><\/p>\n\n\n\n<p class=\"has-black-color has-text-color has-link-color wp-elements-0dd7707471a15a3c11c3a83d0d2c6cf7\"><strong>TodasSomos Jeanneth<\/strong><\/p>\n\n\n<div class=\"wp-block-image\">\n<figure class=\"aligncenter\"><a href=\"http:\/\/4.bp.blogspot.com\/-_Kut2Vpc54U\/U7rObwt-mlI\/AAAAAAAAAKQ\/Rv5w3dxlF7w\/s1600\/Nueva+imagen2.JPG\"><img decoding=\"async\" src=\"http:\/\/4.bp.blogspot.com\/-_Kut2Vpc54U\/U7rObwt-mlI\/AAAAAAAAAKQ\/Rv5w3dxlF7w\/s1600\/Nueva+imagen2.JPG\" alt=\"\"\/><\/a><\/figure><\/div>","protected":false},"excerpt":{"rendered":"<p>Informe Vulneraciones de Derechos Humanos en la frontera Sur \u2013 Melilla Estimados\/as compa\u00f1eros\/as: Os invitamos a la presentaci\u00f3n de este informe elaborado por la Comisi\u00f3n de Observaci\u00f3n de Derechos Humanos (CODH), y que se presentar\u00e1 el pr\u00f3ximo&nbsp;jueves 9 de octubre&nbsp;a las&nbsp;11,00 horas&nbsp;en el&nbsp;Sal\u00f3n de actos&nbsp;del&nbsp;IlustreColegio de Abogados de Madrid, calle Serrano, 9; 1\u00aa Planta. Un [&hellip;]<\/p>\n","protected":false},"author":2,"featured_media":0,"parent":0,"menu_order":0,"comment_status":"closed","ping_status":"closed","template":"","meta":{"_monsterinsights_skip_tracking":false,"_monsterinsights_sitenote_active":false,"_monsterinsights_sitenote_note":"","_monsterinsights_sitenote_category":0,"footnotes":""},"class_list":["post-10","page","type-page","status-publish","hentry"],"aioseo_notices":[],"_links":{"self":[{"href":"https:\/\/redinterlavapies.com\/index.php?rest_route=\/wp\/v2\/pages\/10","targetHints":{"allow":["GET"]}}],"collection":[{"href":"https:\/\/redinterlavapies.com\/index.php?rest_route=\/wp\/v2\/pages"}],"about":[{"href":"https:\/\/redinterlavapies.com\/index.php?rest_route=\/wp\/v2\/types\/page"}],"author":[{"embeddable":true,"href":"https:\/\/redinterlavapies.com\/index.php?rest_route=\/wp\/v2\/users\/2"}],"replies":[{"embeddable":true,"href":"https:\/\/redinterlavapies.com\/index.php?rest_route=%2Fwp%2Fv2%2Fcomments&post=10"}],"version-history":[{"count":11,"href":"https:\/\/redinterlavapies.com\/index.php?rest_route=\/wp\/v2\/pages\/10\/revisions"}],"predecessor-version":[{"id":46,"href":"https:\/\/redinterlavapies.com\/index.php?rest_route=\/wp\/v2\/pages\/10\/revisions\/46"}],"wp:attachment":[{"href":"https:\/\/redinterlavapies.com\/index.php?rest_route=%2Fwp%2Fv2%2Fmedia&parent=10"}],"curies":[{"name":"wp","href":"https:\/\/api.w.org\/{rel}","templated":true}]}}