{"id":502,"date":"2025-10-20T20:17:19","date_gmt":"2025-10-20T18:17:19","guid":{"rendered":"https:\/\/redinterlavapies.com\/?page_id=502"},"modified":"2026-02-20T09:35:24","modified_gmt":"2026-02-20T08:35:24","slug":"padron-por-derecho","status":"publish","type":"page","link":"https:\/\/redinterlavapies.com\/?page_id=502","title":{"rendered":"Padr\u00f3n por Derecho"},"content":{"rendered":"\n<p>Este informe denuncia la vulneraci\u00f3n sistem\u00e1tica del derecho al empadronamiento de personas migrantes en Espa\u00f1a. A pesar de que la ley garantiza este derecho con independencia de la situaci\u00f3n administrativa o habitacional, muchos ayuntamientos imponen requisitos ilegales (como contratos de alquiler o permisos de residencia), generando retrasos y denegaciones arbitrarias.<\/p>\n\n\n\n<p>Esta exclusi\u00f3n administrativa tiene consecuencias devastadoras: impide el acceso a la sanidad, la educaci\u00f3n, las ayudas sociales y la regularizaci\u00f3n migratoria (como el arraigo). Como resultado, ha surgido un mercado negro donde redes criminales venden empadronamientos fraudulentos, explotando la desesperaci\u00f3n de los migrantes.<\/p>\n\n\n\n<p>El problema trasciende lo administrativo, constituyendo una forma de racismo institucional que perpet\u00faa la exclusi\u00f3n, distorsiona la planificaci\u00f3n p\u00fablica y socava la legitimidad democr\u00e1tica. El informe urge a implementar mecanismos de control, formaci\u00f3n del funcionariado, protocolos claros y sanciones para garantizar el cumplimiento de la ley y el acceso universal a este derecho fundamental.<\/p>\n\n\n\n<p>Enlace: <a href=\"https:\/\/redinterlavapies.com\/wp-content\/uploads\/2025\/10\/INFORME-PADRON-POR-DERECHO-actualizado.pdf\" title=\"https:\/\/redinterlavapies.com\/wp-content\/uploads\/2025\/10\/INFORME-PADRON-POR-DERECHO-actualizado.pdf\">https:\/\/redinterlavapies.com\/wp-content\/uploads\/2025\/10\/INFORME-PADRON-POR-DERECHO-actualizado.pdf<\/a><\/p>\n\n\n\n<figure class=\"wp-block-gallery has-nested-images columns-default is-cropped wp-block-gallery-1 is-layout-flex wp-block-gallery-is-layout-flex\">\n<figure class=\"wp-block-image size-large\"><img loading=\"lazy\" decoding=\"async\" width=\"819\" height=\"1024\" data-id=\"547\" src=\"https:\/\/redinterlavapies.com\/wp-content\/uploads\/2026\/02\/WhatsApp-Image-2026-02-19-at-20.58.38-1-819x1024.jpeg\" alt=\"\" class=\"wp-image-547\" srcset=\"https:\/\/redinterlavapies.com\/wp-content\/uploads\/2026\/02\/WhatsApp-Image-2026-02-19-at-20.58.38-1-819x1024.jpeg 819w, https:\/\/redinterlavapies.com\/wp-content\/uploads\/2026\/02\/WhatsApp-Image-2026-02-19-at-20.58.38-1-240x300.jpeg 240w, https:\/\/redinterlavapies.com\/wp-content\/uploads\/2026\/02\/WhatsApp-Image-2026-02-19-at-20.58.38-1-768x960.jpeg 768w, https:\/\/redinterlavapies.com\/wp-content\/uploads\/2026\/02\/WhatsApp-Image-2026-02-19-at-20.58.38-1.jpeg 1024w\" sizes=\"auto, (max-width: 819px) 100vw, 819px\" \/><\/figure>\n\n\n\n<figure class=\"wp-block-image size-large\"><img loading=\"lazy\" decoding=\"async\" width=\"819\" height=\"1024\" data-id=\"551\" src=\"https:\/\/redinterlavapies.com\/wp-content\/uploads\/2026\/02\/WhatsApp-Image-2026-02-19-at-20.58.16-1-819x1024.jpeg\" alt=\"\" class=\"wp-image-551\" srcset=\"https:\/\/redinterlavapies.com\/wp-content\/uploads\/2026\/02\/WhatsApp-Image-2026-02-19-at-20.58.16-1-819x1024.jpeg 819w, https:\/\/redinterlavapies.com\/wp-content\/uploads\/2026\/02\/WhatsApp-Image-2026-02-19-at-20.58.16-1-240x300.jpeg 240w, https:\/\/redinterlavapies.com\/wp-content\/uploads\/2026\/02\/WhatsApp-Image-2026-02-19-at-20.58.16-1-768x960.jpeg 768w, https:\/\/redinterlavapies.com\/wp-content\/uploads\/2026\/02\/WhatsApp-Image-2026-02-19-at-20.58.16-1-1024x1280.jpeg 1024w, https:\/\/redinterlavapies.com\/wp-content\/uploads\/2026\/02\/WhatsApp-Image-2026-02-19-at-20.58.16-1.jpeg 1080w\" sizes=\"auto, (max-width: 819px) 100vw, 819px\" \/><\/figure>\n\n\n\n<figure class=\"wp-block-image size-large\"><img loading=\"lazy\" decoding=\"async\" width=\"819\" height=\"1024\" data-id=\"550\" src=\"https:\/\/redinterlavapies.com\/wp-content\/uploads\/2026\/02\/WhatsApp-Image-2026-02-19-at-20.57.51-1-819x1024.jpeg\" alt=\"\" class=\"wp-image-550\" srcset=\"https:\/\/redinterlavapies.com\/wp-content\/uploads\/2026\/02\/WhatsApp-Image-2026-02-19-at-20.57.51-1-819x1024.jpeg 819w, https:\/\/redinterlavapies.com\/wp-content\/uploads\/2026\/02\/WhatsApp-Image-2026-02-19-at-20.57.51-1-240x300.jpeg 240w, https:\/\/redinterlavapies.com\/wp-content\/uploads\/2026\/02\/WhatsApp-Image-2026-02-19-at-20.57.51-1-768x960.jpeg 768w, https:\/\/redinterlavapies.com\/wp-content\/uploads\/2026\/02\/WhatsApp-Image-2026-02-19-at-20.57.51-1-1024x1280.jpeg 1024w, https:\/\/redinterlavapies.com\/wp-content\/uploads\/2026\/02\/WhatsApp-Image-2026-02-19-at-20.57.51-1.jpeg 1080w\" sizes=\"auto, (max-width: 819px) 100vw, 819px\" \/><\/figure>\n\n\n\n<figure class=\"wp-block-image size-large\"><img loading=\"lazy\" decoding=\"async\" width=\"819\" height=\"1024\" data-id=\"549\" src=\"https:\/\/redinterlavapies.com\/wp-content\/uploads\/2026\/02\/WhatsApp-Image-2026-02-19-at-20.57.27-1-819x1024.jpeg\" alt=\"\" class=\"wp-image-549\" srcset=\"https:\/\/redinterlavapies.com\/wp-content\/uploads\/2026\/02\/WhatsApp-Image-2026-02-19-at-20.57.27-1-819x1024.jpeg 819w, https:\/\/redinterlavapies.com\/wp-content\/uploads\/2026\/02\/WhatsApp-Image-2026-02-19-at-20.57.27-1-240x300.jpeg 240w, https:\/\/redinterlavapies.com\/wp-content\/uploads\/2026\/02\/WhatsApp-Image-2026-02-19-at-20.57.27-1-768x960.jpeg 768w, https:\/\/redinterlavapies.com\/wp-content\/uploads\/2026\/02\/WhatsApp-Image-2026-02-19-at-20.57.27-1-1024x1280.jpeg 1024w, https:\/\/redinterlavapies.com\/wp-content\/uploads\/2026\/02\/WhatsApp-Image-2026-02-19-at-20.57.27-1.jpeg 1080w\" sizes=\"auto, (max-width: 819px) 100vw, 819px\" \/><\/figure>\n\n\n\n<figure class=\"wp-block-image size-large\"><img loading=\"lazy\" decoding=\"async\" width=\"819\" height=\"1024\" data-id=\"548\" src=\"https:\/\/redinterlavapies.com\/wp-content\/uploads\/2026\/02\/WhatsApp-Image-2026-02-19-at-20.56.51-2-819x1024.jpeg\" alt=\"\" class=\"wp-image-548\" srcset=\"https:\/\/redinterlavapies.com\/wp-content\/uploads\/2026\/02\/WhatsApp-Image-2026-02-19-at-20.56.51-2-819x1024.jpeg 819w, https:\/\/redinterlavapies.com\/wp-content\/uploads\/2026\/02\/WhatsApp-Image-2026-02-19-at-20.56.51-2-240x300.jpeg 240w, https:\/\/redinterlavapies.com\/wp-content\/uploads\/2026\/02\/WhatsApp-Image-2026-02-19-at-20.56.51-2-768x960.jpeg 768w, https:\/\/redinterlavapies.com\/wp-content\/uploads\/2026\/02\/WhatsApp-Image-2026-02-19-at-20.56.51-2-1024x1280.jpeg 1024w, https:\/\/redinterlavapies.com\/wp-content\/uploads\/2026\/02\/WhatsApp-Image-2026-02-19-at-20.56.51-2.jpeg 1080w\" sizes=\"auto, (max-width: 819px) 100vw, 819px\" \/><\/figure>\n<\/figure>\n\n\n\n<figure class=\"wp-block-embed is-type-video is-provider-youtube wp-block-embed-youtube wp-embed-aspect-16-9 wp-has-aspect-ratio\"><div class=\"wp-block-embed__wrapper\">\n<iframe loading=\"lazy\" title=\"Video  Campa\u00f1a Padr\u00f3n por Derecho\" width=\"640\" height=\"360\" src=\"https:\/\/www.youtube.com\/embed\/JLMr1C6-sHs?feature=oembed\" frameborder=\"0\" allow=\"accelerometer; autoplay; clipboard-write; encrypted-media; gyroscope; picture-in-picture; web-share\" referrerpolicy=\"strict-origin-when-cross-origin\" allowfullscreen><\/iframe>\n<\/div><\/figure>\n\n\n\n<figure class=\"wp-block-embed is-type-video is-provider-youtube wp-block-embed-youtube wp-embed-aspect-9-16 wp-has-aspect-ratio\"><div class=\"wp-block-embed__wrapper\">\n<iframe loading=\"lazy\" title=\"Testimonio de Abdoulaye Thiaw\" width=\"540\" height=\"960\" src=\"https:\/\/www.youtube.com\/embed\/RqTyzgqd3as?feature=oembed\" frameborder=\"0\" allow=\"accelerometer; autoplay; clipboard-write; encrypted-media; gyroscope; picture-in-picture; web-share\" referrerpolicy=\"strict-origin-when-cross-origin\" allowfullscreen><\/iframe>\n<\/div><\/figure>\n\n\n\n<figure class=\"wp-block-embed is-type-video is-provider-youtube wp-block-embed-youtube wp-embed-aspect-9-16 wp-has-aspect-ratio\"><div class=\"wp-block-embed__wrapper\">\n<iframe loading=\"lazy\" title=\"Testimonio de Ilma Tomala\u0301\" width=\"540\" height=\"960\" src=\"https:\/\/www.youtube.com\/embed\/-KDhSPfgCwo?feature=oembed\" frameborder=\"0\" allow=\"accelerometer; autoplay; clipboard-write; encrypted-media; gyroscope; picture-in-picture; web-share\" referrerpolicy=\"strict-origin-when-cross-origin\" allowfullscreen><\/iframe>\n<\/div><\/figure>\n\n\n\n<figure class=\"wp-block-embed is-type-video is-provider-youtube wp-block-embed-youtube wp-embed-aspect-9-16 wp-has-aspect-ratio\"><div class=\"wp-block-embed__wrapper\">\n<iframe loading=\"lazy\" title=\"Testimonio de Yasine Diop\" width=\"540\" height=\"960\" src=\"https:\/\/www.youtube.com\/embed\/QoOlQ2J_MhU?feature=oembed\" frameborder=\"0\" allow=\"accelerometer; autoplay; clipboard-write; encrypted-media; gyroscope; picture-in-picture; web-share\" referrerpolicy=\"strict-origin-when-cross-origin\" allowfullscreen><\/iframe>\n<\/div><\/figure>\n\n\n\n<figure class=\"wp-block-embed is-type-video is-provider-youtube wp-block-embed-youtube wp-embed-aspect-9-16 wp-has-aspect-ratio\"><div class=\"wp-block-embed__wrapper\">\n<iframe loading=\"lazy\" title=\"Testimonio de Juan Poza\" width=\"540\" height=\"960\" src=\"https:\/\/www.youtube.com\/embed\/YV0eK2Jsoik?feature=oembed\" frameborder=\"0\" allow=\"accelerometer; autoplay; clipboard-write; encrypted-media; gyroscope; picture-in-picture; web-share\" referrerpolicy=\"strict-origin-when-cross-origin\" allowfullscreen><\/iframe>\n<\/div><\/figure>\n\n\n\n<figure class=\"wp-block-embed is-type-video is-provider-youtube wp-block-embed-youtube wp-embed-aspect-9-16 wp-has-aspect-ratio\"><div class=\"wp-block-embed__wrapper\">\n<iframe loading=\"lazy\" title=\"Testimonio de Abdoulaye Ndiaye\" width=\"540\" height=\"960\" src=\"https:\/\/www.youtube.com\/embed\/Lt2WsAnuFzo?feature=oembed\" frameborder=\"0\" allow=\"accelerometer; autoplay; clipboard-write; encrypted-media; gyroscope; picture-in-picture; web-share\" referrerpolicy=\"strict-origin-when-cross-origin\" allowfullscreen><\/iframe>\n<\/div><\/figure>\n","protected":false},"excerpt":{"rendered":"<p>Este informe denuncia la vulneraci\u00f3n sistem\u00e1tica del derecho al empadronamiento de personas migrantes en Espa\u00f1a. A pesar de que la ley garantiza este derecho con independencia de la situaci\u00f3n administrativa o habitacional, muchos ayuntamientos imponen requisitos ilegales (como contratos de alquiler o permisos de residencia), generando retrasos y denegaciones arbitrarias. Esta exclusi\u00f3n administrativa tiene consecuencias [&hellip;]<\/p>\n","protected":false},"author":1,"featured_media":0,"parent":0,"menu_order":0,"comment_status":"closed","ping_status":"closed","template":"","meta":{"_monsterinsights_skip_tracking":false,"_monsterinsights_sitenote_active":false,"_monsterinsights_sitenote_note":"","_monsterinsights_sitenote_category":0,"footnotes":""},"class_list":["post-502","page","type-page","status-publish","hentry"],"aioseo_notices":[],"_links":{"self":[{"href":"https:\/\/redinterlavapies.com\/index.php?rest_route=\/wp\/v2\/pages\/502","targetHints":{"allow":["GET"]}}],"collection":[{"href":"https:\/\/redinterlavapies.com\/index.php?rest_route=\/wp\/v2\/pages"}],"about":[{"href":"https:\/\/redinterlavapies.com\/index.php?rest_route=\/wp\/v2\/types\/page"}],"author":[{"embeddable":true,"href":"https:\/\/redinterlavapies.com\/index.php?rest_route=\/wp\/v2\/users\/1"}],"replies":[{"embeddable":true,"href":"https:\/\/redinterlavapies.com\/index.php?rest_route=%2Fwp%2Fv2%2Fcomments&post=502"}],"version-history":[{"count":3,"href":"https:\/\/redinterlavapies.com\/index.php?rest_route=\/wp\/v2\/pages\/502\/revisions"}],"predecessor-version":[{"id":552,"href":"https:\/\/redinterlavapies.com\/index.php?rest_route=\/wp\/v2\/pages\/502\/revisions\/552"}],"wp:attachment":[{"href":"https:\/\/redinterlavapies.com\/index.php?rest_route=%2Fwp%2Fv2%2Fmedia&parent=502"}],"curies":[{"name":"wp","href":"https:\/\/api.w.org\/{rel}","templated":true}]}}