{"id":520,"date":"2025-12-22T17:49:58","date_gmt":"2025-12-22T16:49:58","guid":{"rendered":"https:\/\/redinterlavapies.com\/?page_id=520"},"modified":"2025-12-30T20:17:40","modified_gmt":"2025-12-30T19:17:40","slug":"hazte-socio","status":"publish","type":"page","link":"https:\/\/redinterlavapies.com\/?page_id=520","title":{"rendered":"Hazte colaborador\/a"},"content":{"rendered":"\n<p>\ud83c\udf0d&nbsp;<strong>Querida comunidad de Lavapi\u00e9s y m\u00e1s all\u00e1:<\/strong><\/p>\n\n\n\n<p>No somos una asociaci\u00f3n al uso. Somos una&nbsp;<strong>red tejida desde abajo<\/strong>, nacida en las calles de este barrio. Nos encontramos&nbsp;<strong>cruzando fronteras<\/strong>&nbsp;\u2014las f\u00edsicas, las legales, las de la indiferencia\u2014 y descubrimos que nuestro poder est\u00e1 en el v\u00ednculo.<\/p>\n\n\n\n<p>\u270a&nbsp;<strong>Nos rebelamos contra la precariedad y la injusticia migratoria.<\/strong>&nbsp;Creemos que&nbsp;<strong>ning\u00fan ser humano es ilegal<\/strong>&nbsp;y luchamos por el&nbsp;<strong>derecho a migrar, a quedarse, a vivir con dignidad<\/strong>.<\/p>\n\n\n\n<p>\ud83e\udd32&nbsp;<strong>Esta red se sostiene con gente como t\u00fa.<\/strong>&nbsp;Por eso, te invitamos a hacerla m\u00e1s fuerte haci\u00e9ndote socio\/a o colaborador\/a (con aportaci\u00f3n econ\u00f3mica o con tu tiempo y energ\u00eda).<\/p>\n\n\n\n<p>\ud83d\udd17\u00a0<strong>\u00danete a nosotrxs. Hagamos que otro mundo, sin fronteras, sea inevitable.<\/strong><br><strong>Hazte socio\/a aqu\u00ed:<\/strong> <a href=\"https:\/\/forms.gle\/AP3wjoF8j4hrTckq5\">https:\/\/forms.gle\/AP3wjoF8j4hrTckq5<\/a><\/p>\n\n\n\n<p>\ud83e\udd1d&nbsp;<strong>Tu apoyo no es un donativo, es un acto de construcci\u00f3n colectiva.<\/strong><\/p>\n\n\n\n<p>Un abrazo fuerte, sin fronteras.<\/p>\n\n\n\n<p>\u2014<br><strong>Red Interlavapi\u00e9s<\/strong><br><em>Contra las fronteras y la precariedad.<\/em><\/p>\n\n\n\n<figure class=\"wp-block-image size-large\"><img loading=\"lazy\" decoding=\"async\" width=\"1024\" height=\"623\" src=\"https:\/\/redinterlavapies.com\/wp-content\/uploads\/2024\/04\/logo-1024x623.jpg\" alt=\"\" class=\"wp-image-433\" srcset=\"https:\/\/redinterlavapies.com\/wp-content\/uploads\/2024\/04\/logo-1024x623.jpg 1024w, https:\/\/redinterlavapies.com\/wp-content\/uploads\/2024\/04\/logo-300x183.jpg 300w, https:\/\/redinterlavapies.com\/wp-content\/uploads\/2024\/04\/logo-768x468.jpg 768w, https:\/\/redinterlavapies.com\/wp-content\/uploads\/2024\/04\/logo-1536x935.jpg 1536w, https:\/\/redinterlavapies.com\/wp-content\/uploads\/2024\/04\/logo.jpg 1600w\" sizes=\"auto, (max-width: 1024px) 100vw, 1024px\" \/><\/figure>\n","protected":false},"excerpt":{"rendered":"<p>\ud83c\udf0d&nbsp;Querida comunidad de Lavapi\u00e9s y m\u00e1s all\u00e1: No somos una asociaci\u00f3n al uso. Somos una&nbsp;red tejida desde abajo, nacida en las calles de este barrio. Nos encontramos&nbsp;cruzando fronteras&nbsp;\u2014las f\u00edsicas, las legales, las de la indiferencia\u2014 y descubrimos que nuestro poder est\u00e1 en el v\u00ednculo. \u270a&nbsp;Nos rebelamos contra la precariedad y la injusticia migratoria.&nbsp;Creemos que&nbsp;ning\u00fan ser [&hellip;]<\/p>\n","protected":false},"author":1,"featured_media":0,"parent":0,"menu_order":0,"comment_status":"closed","ping_status":"closed","template":"","meta":{"_monsterinsights_skip_tracking":false,"_monsterinsights_sitenote_active":false,"_monsterinsights_sitenote_note":"","_monsterinsights_sitenote_category":0,"footnotes":""},"class_list":["post-520","page","type-page","status-publish","hentry"],"aioseo_notices":[],"_links":{"self":[{"href":"https:\/\/redinterlavapies.com\/index.php?rest_route=\/wp\/v2\/pages\/520","targetHints":{"allow":["GET"]}}],"collection":[{"href":"https:\/\/redinterlavapies.com\/index.php?rest_route=\/wp\/v2\/pages"}],"about":[{"href":"https:\/\/redinterlavapies.com\/index.php?rest_route=\/wp\/v2\/types\/page"}],"author":[{"embeddable":true,"href":"https:\/\/redinterlavapies.com\/index.php?rest_route=\/wp\/v2\/users\/1"}],"replies":[{"embeddable":true,"href":"https:\/\/redinterlavapies.com\/index.php?rest_route=%2Fwp%2Fv2%2Fcomments&post=520"}],"version-history":[{"count":4,"href":"https:\/\/redinterlavapies.com\/index.php?rest_route=\/wp\/v2\/pages\/520\/revisions"}],"predecessor-version":[{"id":525,"href":"https:\/\/redinterlavapies.com\/index.php?rest_route=\/wp\/v2\/pages\/520\/revisions\/525"}],"wp:attachment":[{"href":"https:\/\/redinterlavapies.com\/index.php?rest_route=%2Fwp%2Fv2%2Fmedia&parent=520"}],"curies":[{"name":"wp","href":"https:\/\/api.w.org\/{rel}","templated":true}]}}