{"id":73,"date":"2024-03-08T10:52:25","date_gmt":"2024-03-08T09:52:25","guid":{"rendered":"https:\/\/redinterlavapies.com\/?page_id=73"},"modified":"2024-03-08T10:52:26","modified_gmt":"2024-03-08T09:52:26","slug":"se-nos-fue-nuestro-hermano-y-companero-guillermo-sotillos","status":"publish","type":"page","link":"https:\/\/redinterlavapies.com\/?page_id=73","title":{"rendered":"Se nos fue nuestro hermano y compa\u00f1ero Guillermo Sotillos"},"content":{"rendered":"\n<p><a href=\"https:\/\/4.bp.blogspot.com\/-nZ0LGTasu98\/W8WRoxEujVI\/AAAAAAAAAmQ\/GPAnTgN5-n4olagdkP_H8fpmeKMhOAQpwCLcBGAs\/s1600\/101_6324.JPG\"><\/a><\/p>\n\n\n\n<p>Se nos ha ido nuestro&nbsp;&nbsp;<strong>compa\u00f1ero y hermano Guillermo Sotillos<\/strong>&#8230; Nos acompa\u00f1\u00f3 a las gentes de la Red desde&nbsp; su origen, en los<strong>&nbsp;tiempos m\u00e1s duros de las redadas racistas en Lavapi\u00e8<\/strong>s.&nbsp;<\/p>\n\n\n\n<p>Form\u00f3&nbsp; &nbsp;parte de los primeros&nbsp;<strong>grupos de apoyo a de detenidos<\/strong>. Siempre&nbsp;<strong>desde abajo<\/strong>&nbsp;, como en esta foto, y d<strong>esde lo invisible obedeci\u00f3&nbsp;a su coraz\u00f3n&nbsp;m\u00e1s que a las leyes injustas luchando contra ellas&nbsp;<\/strong>desde la libertad&nbsp;de su pasi\u00f3n&nbsp;<strong>por la dignidad&nbsp;humana y su amistad&nbsp;<\/strong>con tantos<strong>&nbsp;compa\u00f1eros y compa\u00f1eras sin papeles&#8230;&nbsp;<\/strong><\/p>\n\n\n\n<p>Con \u00e9l aprendimos&nbsp; muchas cosas, entre ellas a<strong>&nbsp;terapeutizar el dolor y la rabia&nbsp;<\/strong>a trav\u00e9s del&nbsp;<strong>teatro, la poes\u00eda&nbsp;y los&nbsp;cuentos<\/strong><\/p>\n\n\n\n<figure class=\"wp-block-image\"><a href=\"https:\/\/1.bp.blogspot.com\/-qjOUX0eSq8Y\/W8WKtuE8hbI\/AAAAAAAAAmE\/PCUwowxiEHklSj4ZH1Q7GxurkJUZN_MVQCLcBGAs\/s1600\/DSCF2985.JPG\"><img decoding=\"async\" src=\"https:\/\/1.bp.blogspot.com\/-qjOUX0eSq8Y\/W8WKtuE8hbI\/AAAAAAAAAmE\/PCUwowxiEHklSj4ZH1Q7GxurkJUZN_MVQCLcBGAs\/s400\/DSCF2985.JPG\" alt=\"\"\/><\/a><\/figure>\n\n\n\n<p><strong>Su jovialidad y su incondicionalidad en la amistad y en las luchas y sue\u00f1os compartidos,<\/strong>\u00a0su\u00a0<strong>disponibilidad a cualquier hora del d\u00eda o de la noche,<\/strong>\u00a0permanecen\u00a0<strong>vivos en nuestra memoria\u00a0<\/strong>para siempre&#8230; y con \u00e9l\u00a0<strong>seguimos y seguiremos<\/strong>, a partir de ahora de otra manera,<strong>\u00a0aunque su ausencia hoy nos rompa el coraz\u00f3n<\/strong>.<\/p>\n","protected":false},"excerpt":{"rendered":"<p>Se nos ha ido nuestro&nbsp;&nbsp;compa\u00f1ero y hermano Guillermo Sotillos&#8230; Nos acompa\u00f1\u00f3 a las gentes de la Red desde&nbsp; su origen, en los&nbsp;tiempos m\u00e1s duros de las redadas racistas en Lavapi\u00e8s.&nbsp; Form\u00f3&nbsp; &nbsp;parte de los primeros&nbsp;grupos de apoyo a de detenidos. Siempre&nbsp;desde abajo&nbsp;, como en esta foto, y desde lo invisible obedeci\u00f3&nbsp;a su coraz\u00f3n&nbsp;m\u00e1s que a [&hellip;]<\/p>\n","protected":false},"author":2,"featured_media":0,"parent":0,"menu_order":0,"comment_status":"closed","ping_status":"closed","template":"","meta":{"_monsterinsights_skip_tracking":false,"_monsterinsights_sitenote_active":false,"_monsterinsights_sitenote_note":"","_monsterinsights_sitenote_category":0,"footnotes":""},"class_list":["post-73","page","type-page","status-publish","hentry"],"aioseo_notices":[],"_links":{"self":[{"href":"https:\/\/redinterlavapies.com\/index.php?rest_route=\/wp\/v2\/pages\/73","targetHints":{"allow":["GET"]}}],"collection":[{"href":"https:\/\/redinterlavapies.com\/index.php?rest_route=\/wp\/v2\/pages"}],"about":[{"href":"https:\/\/redinterlavapies.com\/index.php?rest_route=\/wp\/v2\/types\/page"}],"author":[{"embeddable":true,"href":"https:\/\/redinterlavapies.com\/index.php?rest_route=\/wp\/v2\/users\/2"}],"replies":[{"embeddable":true,"href":"https:\/\/redinterlavapies.com\/index.php?rest_route=%2Fwp%2Fv2%2Fcomments&post=73"}],"version-history":[{"count":1,"href":"https:\/\/redinterlavapies.com\/index.php?rest_route=\/wp\/v2\/pages\/73\/revisions"}],"predecessor-version":[{"id":74,"href":"https:\/\/redinterlavapies.com\/index.php?rest_route=\/wp\/v2\/pages\/73\/revisions\/74"}],"wp:attachment":[{"href":"https:\/\/redinterlavapies.com\/index.php?rest_route=%2Fwp%2Fv2%2Fmedia&parent=73"}],"curies":[{"name":"wp","href":"https:\/\/api.w.org\/{rel}","templated":true}]}}